{"id":357,"date":"2023-08-29T18:34:04","date_gmt":"2023-08-29T18:34:04","guid":{"rendered":"http:\/\/localhost\/jean-mathieu\/?page_id=357"},"modified":"2024-06-18T01:18:07","modified_gmt":"2024-06-18T01:18:07","slug":"nous-joindre","status":"publish","type":"page","link":"https:\/\/davidponce.ca\/fr\/nous-joindre\/","title":{"rendered":"Nous Joindre"},"content":{"rendered":"\n<div class=\"wpcf7 no-js\" id=\"wpcf7-f356-o1\" lang=\"en-US\" dir=\"ltr\">\n<div class=\"screen-reader-response\"><p role=\"status\" aria-live=\"polite\" aria-atomic=\"true\"><\/p> <ul><\/ul><\/div>\n<form action=\"\/fr\/wp-json\/wp\/v2\/pages\/357#wpcf7-f356-o1\" method=\"post\" class=\"wpcf7-form init\" aria-label=\"Contact form\" novalidate=\"novalidate\" data-status=\"init\">\n<div style=\"display: none;\">\n<input type=\"hidden\" name=\"_wpcf7\" value=\"356\" \/>\n<input type=\"hidden\" name=\"_wpcf7_version\" value=\"5.9.5\" \/>\n<input type=\"hidden\" name=\"_wpcf7_locale\" value=\"en_US\" \/>\n<input type=\"hidden\" name=\"_wpcf7_unit_tag\" value=\"wpcf7-f356-o1\" \/>\n<input type=\"hidden\" name=\"_wpcf7_container_post\" value=\"0\" \/>\n<input type=\"hidden\" name=\"_wpcf7_posted_data_hash\" value=\"\" \/>\n<\/div>\n<div class=\"row line-form\">\n\t<div class=\"col-lg-6 col-sm-12\">\n\t\t<p>        <img decoding=\"async\" src=\"https:\/\/davidponce.ca\/fr\/wp-content\/uploads\/2024\/03\/HR-2024-02-01-David-Ponce-55-FULL-LENGTH.png\" class=\"img-contact desktop\" alt=\"\" \/>\n    \n\t\t<\/p>\n\t<\/div>\n\t<div class=\"col-lg-6 col-sm-12 box-form\">\n\t\t<p><span class=\"wpcf7-form-control-wrap\" data-name=\"nomcomplet\"><input size=\"40\" class=\"wpcf7-form-control wpcf7-text wpcf7-validates-as-required\" aria-required=\"true\" aria-invalid=\"false\" placeholder=\"Nom Complet\" value=\"\" type=\"text\" name=\"nomcomplet\" \/><\/span><br \/>\n<span class=\"wpcf7-form-control-wrap\" data-name=\"courriel\"><input size=\"40\" class=\"wpcf7-form-control wpcf7-text wpcf7-validates-as-required\" aria-required=\"true\" aria-invalid=\"false\" placeholder=\"Courriel\" value=\"\" type=\"text\" name=\"courriel\" \/><\/span><br \/>\n<span class=\"wpcf7-form-control-wrap\" data-name=\"phone-number\"><input size=\"40\" class=\"wpcf7-form-control wpcf7-text wpcf7-validates-as-required phone-mask\" aria-required=\"true\" aria-invalid=\"false\" placeholder=\"Num\u00e9ro de t\u00e9l\u00e9phone\" value=\"\" type=\"text\" name=\"phone-number\" \/><\/span><br \/>\n<span class=\"wpcf7-form-control-wrap\" data-name=\"message\"><textarea cols=\"40\" rows=\"10\" class=\"wpcf7-form-control wpcf7-textarea\" aria-invalid=\"false\" placeholder=\"Message\" name=\"message\"><\/textarea><\/span><br \/>\n<input class=\"wpcf7-form-control wpcf7-submit has-spinner btn-form\" type=\"submit\" value=\"Envoyer\" \/>\n\t\t<\/p>\n\t<\/div>\n<\/div><div class=\"wpcf7-response-output\" aria-hidden=\"true\"><\/div>\n<\/form>\n<\/div>\n\n","protected":false},"excerpt":{"rendered":"","protected":false},"author":1,"featured_media":0,"parent":0,"menu_order":0,"comment_status":"closed","ping_status":"closed","template":"","meta":{"_acf_changed":false,"footnotes":""},"class_list":["post-357","page","type-page","status-publish","hentry"],"acf":[],"yoast_head":"<!-- This site is optimized with the Yoast SEO plugin v22.8 - https:\/\/yoast.com\/wordpress\/plugins\/seo\/ -->\n<title>Nous Joindre - David Ponce<\/title>\n<meta name=\"robots\" content=\"index, follow, max-snippet:-1, max-image-preview:large, max-video-preview:-1\" \/>\n<link rel=\"canonical\" href=\"https:\/\/davidponce.ca\/fr\/nous-joindre\/\" \/>\n<meta property=\"og:locale\" content=\"fr_CA\" \/>\n<meta property=\"og:type\" content=\"article\" \/>\n<meta property=\"og:title\" content=\"Nous Joindre - David Ponce\" \/>\n<meta property=\"og:url\" content=\"https:\/\/davidponce.ca\/fr\/nous-joindre\/\" \/>\n<meta property=\"og:site_name\" content=\"David Ponce\" \/>\n<meta property=\"article:modified_time\" content=\"2024-06-18T01:18:07+00:00\" \/>\n<meta name=\"twitter:card\" content=\"summary_large_image\" \/>\n<meta name=\"twitter:label1\" content=\"Estimation du temps de lecture\" \/>\n\t<meta name=\"twitter:data1\" content=\"1 minute\" \/>\n<script type=\"application\/ld+json\" class=\"yoast-schema-graph\">{\"@context\":\"https:\/\/schema.org\",\"@graph\":[{\"@type\":\"WebPage\",\"@id\":\"https:\/\/davidponce.ca\/fr\/nous-joindre\/\",\"url\":\"https:\/\/davidponce.ca\/fr\/nous-joindre\/\",\"name\":\"Nous Joindre - David Ponce\",\"isPartOf\":{\"@id\":\"https:\/\/davidponce.ca\/fr\/#website\"},\"datePublished\":\"2023-08-29T18:34:04+00:00\",\"dateModified\":\"2024-06-18T01:18:07+00:00\",\"breadcrumb\":{\"@id\":\"https:\/\/davidponce.ca\/fr\/nous-joindre\/#breadcrumb\"},\"inLanguage\":\"fr-CA\",\"potentialAction\":[{\"@type\":\"ReadAction\",\"target\":[\"https:\/\/davidponce.ca\/fr\/nous-joindre\/\"]}]},{\"@type\":\"BreadcrumbList\",\"@id\":\"https:\/\/davidponce.ca\/fr\/nous-joindre\/#breadcrumb\",\"itemListElement\":[{\"@type\":\"ListItem\",\"position\":1,\"name\":\"Home\",\"item\":\"https:\/\/davidponce.ca\/fr\/\"},{\"@type\":\"ListItem\",\"position\":2,\"name\":\"Nous Joindre\"}]},{\"@type\":\"WebSite\",\"@id\":\"https:\/\/davidponce.ca\/fr\/#website\",\"url\":\"https:\/\/davidponce.ca\/fr\/\",\"name\":\"David Ponce\",\"description\":\"\",\"potentialAction\":[{\"@type\":\"SearchAction\",\"target\":{\"@type\":\"EntryPoint\",\"urlTemplate\":\"https:\/\/davidponce.ca\/fr\/?s={search_term_string}\"},\"query-input\":\"required name=search_term_string\"}],\"inLanguage\":\"fr-CA\"}]}<\/script>\n<!-- \/ Yoast SEO plugin. -->","yoast_head_json":{"title":"Nous Joindre - David Ponce","robots":{"index":"index","follow":"follow","max-snippet":"max-snippet:-1","max-image-preview":"max-image-preview:large","max-video-preview":"max-video-preview:-1"},"canonical":"https:\/\/davidponce.ca\/fr\/nous-joindre\/","og_locale":"fr_CA","og_type":"article","og_title":"Nous Joindre - David Ponce","og_url":"https:\/\/davidponce.ca\/fr\/nous-joindre\/","og_site_name":"David Ponce","article_modified_time":"2024-06-18T01:18:07+00:00","twitter_card":"summary_large_image","twitter_misc":{"Estimation du temps de lecture":"1 minute"},"schema":{"@context":"https:\/\/schema.org","@graph":[{"@type":"WebPage","@id":"https:\/\/davidponce.ca\/fr\/nous-joindre\/","url":"https:\/\/davidponce.ca\/fr\/nous-joindre\/","name":"Nous Joindre - David Ponce","isPartOf":{"@id":"https:\/\/davidponce.ca\/fr\/#website"},"datePublished":"2023-08-29T18:34:04+00:00","dateModified":"2024-06-18T01:18:07+00:00","breadcrumb":{"@id":"https:\/\/davidponce.ca\/fr\/nous-joindre\/#breadcrumb"},"inLanguage":"fr-CA","potentialAction":[{"@type":"ReadAction","target":["https:\/\/davidponce.ca\/fr\/nous-joindre\/"]}]},{"@type":"BreadcrumbList","@id":"https:\/\/davidponce.ca\/fr\/nous-joindre\/#breadcrumb","itemListElement":[{"@type":"ListItem","position":1,"name":"Home","item":"https:\/\/davidponce.ca\/fr\/"},{"@type":"ListItem","position":2,"name":"Nous Joindre"}]},{"@type":"WebSite","@id":"https:\/\/davidponce.ca\/fr\/#website","url":"https:\/\/davidponce.ca\/fr\/","name":"David Ponce","description":"","potentialAction":[{"@type":"SearchAction","target":{"@type":"EntryPoint","urlTemplate":"https:\/\/davidponce.ca\/fr\/?s={search_term_string}"},"query-input":"required name=search_term_string"}],"inLanguage":"fr-CA"}]}},"_links":{"self":[{"href":"https:\/\/davidponce.ca\/fr\/wp-json\/wp\/v2\/pages\/357","targetHints":{"allow":["GET"]}}],"collection":[{"href":"https:\/\/davidponce.ca\/fr\/wp-json\/wp\/v2\/pages"}],"about":[{"href":"https:\/\/davidponce.ca\/fr\/wp-json\/wp\/v2\/types\/page"}],"author":[{"embeddable":true,"href":"https:\/\/davidponce.ca\/fr\/wp-json\/wp\/v2\/users\/1"}],"replies":[{"embeddable":true,"href":"https:\/\/davidponce.ca\/fr\/wp-json\/wp\/v2\/comments?post=357"}],"version-history":[{"count":11,"href":"https:\/\/davidponce.ca\/fr\/wp-json\/wp\/v2\/pages\/357\/revisions"}],"predecessor-version":[{"id":891,"href":"https:\/\/davidponce.ca\/fr\/wp-json\/wp\/v2\/pages\/357\/revisions\/891"}],"wp:attachment":[{"href":"https:\/\/davidponce.ca\/fr\/wp-json\/wp\/v2\/media?parent=357"}],"curies":[{"name":"wp","href":"https:\/\/api.w.org\/{rel}","templated":true}]}}