{"id":3,"date":"2023-06-20T12:41:23","date_gmt":"2023-06-20T12:41:23","guid":{"rendered":"http:\/\/localhost\/jean-mathieu\/?page_id=3"},"modified":"2024-06-18T01:36:49","modified_gmt":"2024-06-18T01:36:49","slug":"politiques-generales","status":"publish","type":"page","link":"https:\/\/davidponce.ca\/fr\/politiques-generales\/","title":{"rendered":"Politiques G\u00e9n\u00e9rales"},"content":{"rendered":"\n<h5 class=\"wp-block-heading has-text-align-center\">Last Update : March 25 2024<\/h5>\n","protected":false},"excerpt":{"rendered":"<p>Last Update : March 25 2024<\/p>\n","protected":false},"author":1,"featured_media":0,"parent":0,"menu_order":0,"comment_status":"closed","ping_status":"closed","template":"page-tabs.php","meta":{"_acf_changed":false,"footnotes":""},"class_list":["post-3","page","type-page","status-publish","hentry"],"acf":[],"yoast_head":"<!-- This site is optimized with the Yoast SEO plugin v22.8 - https:\/\/yoast.com\/wordpress\/plugins\/seo\/ -->\n<title>Politiques G\u00e9n\u00e9rales - David Ponce<\/title>\n<meta name=\"description\" content=\"Nos politiques de gestion des plaines et notre politique de confidentialit\u00e9\" \/>\n<meta name=\"robots\" content=\"index, follow, max-snippet:-1, max-image-preview:large, max-video-preview:-1\" \/>\n<link rel=\"canonical\" href=\"https:\/\/davidponce.ca\/fr\/politiques-generales\/\" \/>\n<meta property=\"og:locale\" content=\"fr_CA\" \/>\n<meta property=\"og:type\" content=\"article\" \/>\n<meta property=\"og:title\" content=\"Politiques G\u00e9n\u00e9rales - David Ponce\" \/>\n<meta property=\"og:description\" content=\"Nos politiques de gestion des plaines et notre politique de confidentialit\u00e9\" \/>\n<meta property=\"og:url\" content=\"https:\/\/davidponce.ca\/fr\/politiques-generales\/\" \/>\n<meta property=\"og:site_name\" content=\"David Ponce\" \/>\n<meta property=\"article:modified_time\" content=\"2024-06-18T01:36:49+00:00\" \/>\n<meta name=\"twitter:card\" content=\"summary_large_image\" \/>\n<meta name=\"twitter:label1\" content=\"Estimation du temps de lecture\" \/>\n\t<meta name=\"twitter:data1\" content=\"1 minute\" \/>\n<script type=\"application\/ld+json\" class=\"yoast-schema-graph\">{\"@context\":\"https:\/\/schema.org\",\"@graph\":[{\"@type\":\"WebPage\",\"@id\":\"https:\/\/davidponce.ca\/fr\/politiques-generales\/\",\"url\":\"https:\/\/davidponce.ca\/fr\/politiques-generales\/\",\"name\":\"Politiques G\u00e9n\u00e9rales - David Ponce\",\"isPartOf\":{\"@id\":\"https:\/\/davidponce.ca\/fr\/#website\"},\"datePublished\":\"2023-06-20T12:41:23+00:00\",\"dateModified\":\"2024-06-18T01:36:49+00:00\",\"description\":\"Nos politiques de gestion des plaines et notre politique de confidentialit\u00e9\",\"breadcrumb\":{\"@id\":\"https:\/\/davidponce.ca\/fr\/politiques-generales\/#breadcrumb\"},\"inLanguage\":\"fr-CA\",\"potentialAction\":[{\"@type\":\"ReadAction\",\"target\":[\"https:\/\/davidponce.ca\/fr\/politiques-generales\/\"]}]},{\"@type\":\"BreadcrumbList\",\"@id\":\"https:\/\/davidponce.ca\/fr\/politiques-generales\/#breadcrumb\",\"itemListElement\":[{\"@type\":\"ListItem\",\"position\":1,\"name\":\"Home\",\"item\":\"https:\/\/davidponce.ca\/fr\/\"},{\"@type\":\"ListItem\",\"position\":2,\"name\":\"Politiques G\u00e9n\u00e9rales\"}]},{\"@type\":\"WebSite\",\"@id\":\"https:\/\/davidponce.ca\/fr\/#website\",\"url\":\"https:\/\/davidponce.ca\/fr\/\",\"name\":\"David Ponce\",\"description\":\"\",\"potentialAction\":[{\"@type\":\"SearchAction\",\"target\":{\"@type\":\"EntryPoint\",\"urlTemplate\":\"https:\/\/davidponce.ca\/fr\/?s={search_term_string}\"},\"query-input\":\"required name=search_term_string\"}],\"inLanguage\":\"fr-CA\"}]}<\/script>\n<!-- \/ Yoast SEO plugin. -->","yoast_head_json":{"title":"Politiques G\u00e9n\u00e9rales - David Ponce","description":"Nos politiques de gestion des plaines et notre politique de confidentialit\u00e9","robots":{"index":"index","follow":"follow","max-snippet":"max-snippet:-1","max-image-preview":"max-image-preview:large","max-video-preview":"max-video-preview:-1"},"canonical":"https:\/\/davidponce.ca\/fr\/politiques-generales\/","og_locale":"fr_CA","og_type":"article","og_title":"Politiques G\u00e9n\u00e9rales - David Ponce","og_description":"Nos politiques de gestion des plaines et notre politique de confidentialit\u00e9","og_url":"https:\/\/davidponce.ca\/fr\/politiques-generales\/","og_site_name":"David Ponce","article_modified_time":"2024-06-18T01:36:49+00:00","twitter_card":"summary_large_image","twitter_misc":{"Estimation du temps de lecture":"1 minute"},"schema":{"@context":"https:\/\/schema.org","@graph":[{"@type":"WebPage","@id":"https:\/\/davidponce.ca\/fr\/politiques-generales\/","url":"https:\/\/davidponce.ca\/fr\/politiques-generales\/","name":"Politiques G\u00e9n\u00e9rales - David Ponce","isPartOf":{"@id":"https:\/\/davidponce.ca\/fr\/#website"},"datePublished":"2023-06-20T12:41:23+00:00","dateModified":"2024-06-18T01:36:49+00:00","description":"Nos politiques de gestion des plaines et notre politique de confidentialit\u00e9","breadcrumb":{"@id":"https:\/\/davidponce.ca\/fr\/politiques-generales\/#breadcrumb"},"inLanguage":"fr-CA","potentialAction":[{"@type":"ReadAction","target":["https:\/\/davidponce.ca\/fr\/politiques-generales\/"]}]},{"@type":"BreadcrumbList","@id":"https:\/\/davidponce.ca\/fr\/politiques-generales\/#breadcrumb","itemListElement":[{"@type":"ListItem","position":1,"name":"Home","item":"https:\/\/davidponce.ca\/fr\/"},{"@type":"ListItem","position":2,"name":"Politiques G\u00e9n\u00e9rales"}]},{"@type":"WebSite","@id":"https:\/\/davidponce.ca\/fr\/#website","url":"https:\/\/davidponce.ca\/fr\/","name":"David Ponce","description":"","potentialAction":[{"@type":"SearchAction","target":{"@type":"EntryPoint","urlTemplate":"https:\/\/davidponce.ca\/fr\/?s={search_term_string}"},"query-input":"required name=search_term_string"}],"inLanguage":"fr-CA"}]}},"_links":{"self":[{"href":"https:\/\/davidponce.ca\/fr\/wp-json\/wp\/v2\/pages\/3","targetHints":{"allow":["GET"]}}],"collection":[{"href":"https:\/\/davidponce.ca\/fr\/wp-json\/wp\/v2\/pages"}],"about":[{"href":"https:\/\/davidponce.ca\/fr\/wp-json\/wp\/v2\/types\/page"}],"author":[{"embeddable":true,"href":"https:\/\/davidponce.ca\/fr\/wp-json\/wp\/v2\/users\/1"}],"replies":[{"embeddable":true,"href":"https:\/\/davidponce.ca\/fr\/wp-json\/wp\/v2\/comments?post=3"}],"version-history":[{"count":21,"href":"https:\/\/davidponce.ca\/fr\/wp-json\/wp\/v2\/pages\/3\/revisions"}],"predecessor-version":[{"id":898,"href":"https:\/\/davidponce.ca\/fr\/wp-json\/wp\/v2\/pages\/3\/revisions\/898"}],"wp:attachment":[{"href":"https:\/\/davidponce.ca\/fr\/wp-json\/wp\/v2\/media?parent=3"}],"curies":[{"name":"wp","href":"https:\/\/api.w.org\/{rel}","templated":true}]}}